{"id":3,"date":"2025-08-13T12:36:25","date_gmt":"2025-08-13T12:36:25","guid":{"rendered":"https:\/\/skdojo.com\/?page_id=3"},"modified":"2025-08-13T17:43:51","modified_gmt":"2025-08-13T17:43:51","slug":"datenschutzrichtlinie","status":"publish","type":"page","link":"https:\/\/skdojo.com\/de\/datenschutzrichtlinie\/","title":{"rendered":"Datenschutzbestimmungen und Nutzungsbedingungen"},"content":{"rendered":"<p class=\"translation-block\">Die <strong>skdojo.com<\/strong> ist eine Website, die sich der Bereitstellung von Online-Spielen und -Anwendungen widmet, einschlie\u00dflich Spielen im Stil von <em>Guess\/DLE<\/em>, Lernwerkzeugen und interaktiven Inhalten. Unser Ziel ist es, Unterhaltung und Lernen auf praktische und zug\u00e4ngliche Weise anzubieten. Durch den Zugriff auf und die Nutzung der Website stimmen Sie den Bedingungen dieser Datenschutzrichtlinie und unseren Nutzungsrichtlinien zu.<\/p>\n\n\n\n<hr class=\"wp-block-separator has-alpha-channel-opacity\"\/>\n\n\n\n<h2 class=\"wp-block-heading\">1. Informationssammlung<\/h2>\n\n\n\n<p class=\"translation-block\">Wir k\u00f6nnen die folgenden Informationen von den Benutzern sammeln:<\/p>\n\n\n\n<ul class=\"wp-block-list translation-block\">\n<li><strong>Automatische Informationen:<\/strong> IP-Adresse, Browsertyp, Betriebssystem, Zugangsdatum\/-uhrzeit, besuchte Seiten und Leistungsdaten der Spiele.<\/li>\n\n<li><strong>Cookies und \u00e4hnliche Technologien:<\/strong> Um das Erlebnis zu personalisieren, Spielfortschritte zu speichern und relevante Anzeigen anzuzeigen.<\/li>\n\n<li><strong>Freiwillig bereitgestellte Informationen:<\/strong> wie Name, E-Mail oder Spitzname, falls der Benutzer sich entscheidet, sich zu registrieren, Kommentare abzugeben oder Feedback zu senden.<\/li>\n<\/ul>\n\n\n\n<hr class=\"wp-block-separator has-alpha-channel-opacity\"\/>\n\n\n\n<h2 class=\"wp-block-heading\">2. Verwendung der Informationen<\/h2>\n\n\n\n<p class=\"translation-block\">Die gesammelten Informationen k\u00f6nnen verwendet werden f\u00fcr:<\/p>\n\n\n\n<ul class=\"wp-block-list translation-block\">\n<li>Verbessern der Funktionalit\u00e4t und Leistung von Spielen und Werkzeugen.<\/li>\n\n<li>Die Benutzererfahrung anpassen.<\/li>\n\n<li>Relevante Anzeigen \u00fcber Werbepartner anzeigen (z. B.: Google AdSense).<\/li>\n\n<li>Die Erkennung und Pr\u00e4vention von betr\u00fcgerischen oder missbr\u00e4uchlichen Aktivit\u00e4ten.<\/li>\n\n<li>Rechtliche Verpflichtungen erf\u00fcllen.<\/li>\n<\/ul>\n\n\n\n<hr class=\"wp-block-separator has-alpha-channel-opacity\"\/>\n\n\n\n<h2 class=\"wp-block-heading\">3. Datenfreigabe<\/h2>\n\n\n\n<p class=\"translation-block\"><strong>skdojo.com<\/strong> <strong>ver\u00e4u\u00dfert<\/strong> keine pers\u00f6nlichen Nutzerinformationen. Wir k\u00f6nnen Daten in folgenden F\u00e4llen teilen:<\/p>\n\n\n\n<ul class=\"wp-block-list translation-block\">\n<li><strong>Mit Drittanbieterdiensten<\/strong>, die bei der Unterkunft, der Traffic-Analyse und der Anzeige von Werbung unterst\u00fctzen.<\/li>\n\n<li><strong>Aus rechtlichen Gr\u00fcnden<\/strong>, falls von zust\u00e4ndigen Beh\u00f6rden angefordert.<\/li>\n\n<li><strong>Mit Werbepartnern<\/strong>, um personalisierte Werbung anzuzeigen.<\/li>\n<\/ul>\n\n\n\n<hr class=\"wp-block-separator has-alpha-channel-opacity\"\/>\n\n\n\n<h2 class=\"wp-block-heading\">4. Inhalte von Dritten<\/h2>\n\n\n\n<p class=\"translation-block\">Die <strong>skdojo.com<\/strong> kann Folgendes einschlie\u00dfen:<\/p>\n\n\n\n<ul class=\"wp-block-list translation-block\">\n<li>Bilder, Videos, Texte oder Sounds von Dritten.<\/li>\n\n<li>Links zu anderen Websites und Plattformen, die nicht von uns kontrolliert werden.<\/li>\n\n<li>Spiele und Anwendungen, die von Dritten gehostet oder bereitgestellt werden.<\/li>\n<\/ul>\n\n\n\n<blockquote class=\"wp-block-quote is-layout-flow wp-block-quote-is-layout-flow\">\n<p><strong>Hinweis:<\/strong>&nbsp;Die Pr\u00e4senz von Inhalten oder Marken Dritter impliziert keinerlei offizielle Verbindung, Sponsoring oder Partnerschaft mit deren Inhabern.<\/p>\n<\/blockquote>\n\n\n\n<hr class=\"wp-block-separator has-alpha-channel-opacity\"\/>\n\n\n\n<h2 class=\"wp-block-heading\">5. Urheberrechte<\/h2>\n\n\n\n<ul class=\"wp-block-list translation-block\">\n<li>Alle originalen Inhalte, die von <strong>skdojo.com<\/strong> erstellt wurden, sind urheberrechtlich gesch\u00fctzt.<\/li>\n\n<li>Die Inhalte Dritter, die auf der Website vorhanden sind, bleiben im Eigentum ihrer jeweiligen Autoren und werden nur zu Informations-, Unterhaltungs- oder Kommentarzwecken angezeigt.<\/li>\n\n<li>Falls Sie Inhaber von Rechten sind und die Entfernung von Inhalten beantragen m\u00f6chten, kontaktieren Sie uns bitte per E-Mail: <strong><a>contato@skdojo.com<\/a><\/strong>.<\/li>\n<\/ul>\n\n\n\n<hr class=\"wp-block-separator has-alpha-channel-opacity\"\/>\n\n\n\n<h2 class=\"wp-block-heading\">6. Sicherheit<\/h2>\n\n\n\n<ul class=\"wp-block-list translation-block\">\n<li>Wir setzen technische und organisatorische Ma\u00dfnahmen ein, um die Daten der Nutzer zu sch\u00fctzen.<\/li>\n\n<li>Trotz unserer Bem\u00fchungen ist kein System 100% sicher, und wir k\u00f6nnen den absoluten Schutz gegen unbefugte Zugriffe nicht garantieren.<\/li>\n<\/ul>\n\n\n\n<hr class=\"wp-block-separator has-alpha-channel-opacity\"\/>\n\n\n\n<h2 class=\"wp-block-heading\">7. Verwendung durch Minderj\u00e4hrige<\/h2>\n\n\n\n<ul class=\"wp-block-list translation-block\">\n<li>Der Inhalt von <strong>skdojo.com<\/strong> richtet sich an ein allgemeines Publikum, jedoch sind einige Spiele und Tools m\u00f6glicherweise nicht f\u00fcr kleine Kinder geeignet.<\/li>\n\n<li>Wir empfehlen, dass Minderj\u00e4hrige die Website unter Aufsicht von Eltern oder Erziehungsberechtigten nutzen.<\/li>\n<\/ul>\n\n\n\n<hr class=\"wp-block-separator has-alpha-channel-opacity\"\/>\n\n\n\n<h2 class=\"wp-block-heading\">8. \u00c4nderungen dieser Richtlinie<\/h2>\n\n\n\n<p class=\"translation-block\">Wir k\u00f6nnen diese Datenschutzrichtlinie und die Nutzungsbedingungen jederzeit aktualisieren. Die \u00c4nderungen werden auf dieser Seite mit dem neuen Aktualisierungsdatum ver\u00f6ffentlicht.<\/p>\n\n\n\n<hr class=\"wp-block-separator has-alpha-channel-opacity\"\/>\n\n\n\n<h2 class=\"wp-block-heading\">9. Kontakt<\/h2>\n\n\n\n<p class=\"translation-block\">Bei Fragen, Anregungen oder Anfragen zum Datenschutz senden Sie bitte eine E-Mail an: <strong>sac@skdesu.com<\/strong><\/p>","protected":false},"excerpt":{"rendered":"","protected":false},"author":1,"featured_media":0,"parent":0,"menu_order":0,"comment_status":"closed","ping_status":"open","template":"","meta":{"footnotes":""},"class_list":{"0":"post-3","1":"page","2":"type-page","3":"status-publish","5":"no-featured-image-padding"},"_links":{"self":[{"href":"https:\/\/skdojo.com\/de\/wp-json\/wp\/v2\/pages\/3","targetHints":{"allow":["GET"]}}],"collection":[{"href":"https:\/\/skdojo.com\/de\/wp-json\/wp\/v2\/pages"}],"about":[{"href":"https:\/\/skdojo.com\/de\/wp-json\/wp\/v2\/types\/page"}],"author":[{"embeddable":true,"href":"https:\/\/skdojo.com\/de\/wp-json\/wp\/v2\/users\/1"}],"replies":[{"embeddable":true,"href":"https:\/\/skdojo.com\/de\/wp-json\/wp\/v2\/comments?post=3"}],"version-history":[{"count":1,"href":"https:\/\/skdojo.com\/de\/wp-json\/wp\/v2\/pages\/3\/revisions"}],"predecessor-version":[{"id":49226,"href":"https:\/\/skdojo.com\/de\/wp-json\/wp\/v2\/pages\/3\/revisions\/49226"}],"wp:attachment":[{"href":"https:\/\/skdojo.com\/de\/wp-json\/wp\/v2\/media?parent=3"}],"curies":[{"name":"wp","href":"https:\/\/api.w.org\/{rel}","templated":true}]}}